{"id":9936,"date":"2024-02-20T13:41:03","date_gmt":"2024-02-20T13:41:03","guid":{"rendered":"https:\/\/tandem.hr\/?page_id=9936"},"modified":"2025-02-18T09:55:01","modified_gmt":"2025-02-18T09:55:01","slug":"poklon-bon-let-avionom","status":"publish","type":"page","link":"https:\/\/tandem.hr\/index.php\/poklon-bon-let-avionom\/","title":{"rendered":"poklon bon let avionom"},"content":{"rendered":"\t\t<div data-elementor-type=\"wp-page\" data-elementor-id=\"9936\" class=\"elementor elementor-9936\">\n\t\t\t\t\t\t<section class=\"elementor-section elementor-top-section elementor-element elementor-element-ec893df elementor-section-stretched elementor-section-boxed elementor-section-height-default elementor-section-height-default\" data-id=\"ec893df\" data-element_type=\"section\" data-e-type=\"section\" data-settings=\"{&quot;stretch_section&quot;:&quot;section-stretched&quot;}\">\n\t\t\t\t\t\t<div class=\"elementor-container elementor-column-gap-default\">\n\t\t\t\t\t<div class=\"elementor-column elementor-col-100 elementor-top-column elementor-element elementor-element-a5651a4\" data-id=\"a5651a4\" data-element_type=\"column\" data-e-type=\"column\">\n\t\t\t<div class=\"elementor-widget-wrap\">\n\t\t\t\t\t\t\t<\/div>\n\t\t<\/div>\n\t\t\t\t\t<\/div>\n\t\t<\/section>\n\t\t\t\t<section class=\"elementor-section elementor-top-section elementor-element elementor-element-959f8b4 elementor-section-full_width elementor-section-height-default elementor-section-height-default\" data-id=\"959f8b4\" data-element_type=\"section\" data-e-type=\"section\" data-settings=\"{&quot;background_background&quot;:&quot;classic&quot;}\">\n\t\t\t\t\t\t<div class=\"elementor-container elementor-column-gap-default\">\n\t\t\t\t\t<div class=\"elementor-column elementor-col-100 elementor-top-column elementor-element elementor-element-227192d\" data-id=\"227192d\" data-element_type=\"column\" data-e-type=\"column\">\n\t\t\t<div class=\"elementor-widget-wrap elementor-element-populated\">\n\t\t\t\t\t\t<div class=\"elementor-element elementor-element-7d858eb elementor-widget elementor-widget-heading\" data-id=\"7d858eb\" data-element_type=\"widget\" data-e-type=\"widget\" data-widget_type=\"heading.default\">\n\t\t\t\t<div class=\"elementor-widget-container\">\n\t\t\t\t\t<h2 class=\"elementor-heading-title elementor-size-default\">POKLON BON<\/h2>\t\t\t\t<\/div>\n\t\t\t\t<\/div>\n\t\t\t\t\t<\/div>\n\t\t<\/div>\n\t\t\t\t\t<\/div>\n\t\t<\/section>\n\t\t\t\t<section class=\"elementor-section elementor-top-section elementor-element elementor-element-032dcc3 elementor-section-boxed elementor-section-height-default elementor-section-height-default\" data-id=\"032dcc3\" data-element_type=\"section\" data-e-type=\"section\">\n\t\t\t\t\t\t<div class=\"elementor-container elementor-column-gap-default\">\n\t\t\t\t\t<div class=\"elementor-column elementor-col-100 elementor-top-column elementor-element elementor-element-d18593d\" data-id=\"d18593d\" data-element_type=\"column\" data-e-type=\"column\">\n\t\t\t<div class=\"elementor-widget-wrap elementor-element-populated\">\n\t\t\t\t\t\t<div class=\"elementor-element elementor-element-52fa06c elementor-widget elementor-widget-text-editor\" data-id=\"52fa06c\" data-element_type=\"widget\" data-e-type=\"widget\" data-widget_type=\"text-editor.default\">\n\t\t\t\t<div class=\"elementor-widget-container\">\n\t\t\t\t\t\t\t\t\t<p>PARORAMSKI LET<br \/>LET AVIONOM<br \/>NA IZLET S AVIONOM\u00a0<\/p>\t\t\t\t\t\t\t\t<\/div>\n\t\t\t\t<\/div>\n\t\t\t\t<div class=\"elementor-element elementor-element-fbe3fa5 elementor-widget elementor-widget-text-editor\" data-id=\"fbe3fa5\" data-element_type=\"widget\" data-e-type=\"widget\" data-widget_type=\"text-editor.default\">\n\t\t\t\t<div class=\"elementor-widget-container\">\n\t\t\t\t\t\t\t\t\t<p>Jeste li ikada razmi\u0161ljali o tome kako bi bilo vidjeti Zagreb iz zraka? Sada imate priliku da do\u017eivite ovaj grad iz potpuno nove perspektive uz na\u0161 ekskluzivni panoramski let iznad Zagreba. S na\u0161im udobnim avionom koji ima pet mjesta, mo\u017eete u\u017eivati u ovoj nezaboravnoj avanturi s cijelom obitelji ili prijateljima, a najbolje od svega je da je to i najpovoljniji na\u010din za istra\u017eivanje grada iz zraka!<br \/>Umjesto da tro\u0161ite novac na vi\u0161e pojedina\u010dnih karata, zajedni\u010dki panoramski let \u010dini ovu avanturu ekonomi\u010dnijom i ugodnijom za sve.<\/p>\t\t\t\t\t\t\t\t<\/div>\n\t\t\t\t<\/div>\n\t\t\t\t\t<\/div>\n\t\t<\/div>\n\t\t\t\t\t<\/div>\n\t\t<\/section>\n\t\t\t\t<section class=\"elementor-section elementor-top-section elementor-element elementor-element-2cc621a elementor-section-boxed elementor-section-height-default elementor-section-height-default\" data-id=\"2cc621a\" data-element_type=\"section\" data-e-type=\"section\">\n\t\t\t\t\t\t<div class=\"elementor-container elementor-column-gap-default\">\n\t\t\t\t\t<div class=\"elementor-column elementor-col-100 elementor-top-column elementor-element elementor-element-5d69c4d\" data-id=\"5d69c4d\" data-element_type=\"column\" data-e-type=\"column\">\n\t\t\t<div class=\"elementor-widget-wrap elementor-element-populated\">\n\t\t\t\t\t\t<div class=\"elementor-element elementor-element-498dd7d elementor-widget elementor-widget-heading\" data-id=\"498dd7d\" data-element_type=\"widget\" data-e-type=\"widget\" data-widget_type=\"heading.default\">\n\t\t\t\t<div class=\"elementor-widget-container\">\n\t\t\t\t\t<h5 class=\"elementor-heading-title elementor-size-default\">Dragi na\u0161i \u010dlanovi, putnici,<\/h5>\t\t\t\t<\/div>\n\t\t\t\t<\/div>\n\t\t\t\t<div class=\"elementor-element elementor-element-492f3d5 elementor-widget elementor-widget-text-editor\" data-id=\"492f3d5\" data-element_type=\"widget\" data-e-type=\"widget\" data-widget_type=\"text-editor.default\">\n\t\t\t\t<div class=\"elementor-widget-container\">\n\t\t\t\t\t\t\t\t\t<p>S rado\u0161\u0107u vam predstavljamo poklon bon koji \u0107e vam omogu\u0107iti nezaboravno iskustvo leta avionom s na\u0161om ekskluzivnom uslugom. Ovaj bon donosi vam priliku da se uzdignete u visine i u\u017eivate u nevjerojatnom panoramskom letu iznad prekrasnih krajolika.<\/p>\t\t\t\t\t\t\t\t<\/div>\n\t\t\t\t<\/div>\n\t\t\t\t<div class=\"elementor-element elementor-element-d5ce702 elementor-widget elementor-widget-text-editor\" data-id=\"d5ce702\" data-element_type=\"widget\" data-e-type=\"widget\" data-widget_type=\"text-editor.default\">\n\t\t\t\t<div class=\"elementor-widget-container\">\n\t\t\t\t\t\t\t\t\t<p>Ono \u0161to nas izdvaja od konkurencije je na\u0161a predanost pru\u017eanju vrhunske usluge i nezaboravnog iskustva letenja. Na\u0161 mali avion\u00a0omogu\u0107uje vam intimnije iskustvo i udobnost koja \u0107e vam pru\u017eiti osje\u0107aj slobode i avanture.\u00a0<br \/><strong>U dru\u0161tvu je uvjek zabavnije. Dru\u0161tvo vi birate.<\/strong><\/p><p>Osim \u0161to \u0107ete imati priliku u\u017eivati u nezaboravnom iskustvu leta, imat \u0107ete i mogu\u0107nost istra\u017eiti razli\u010dite destinacije iz zraka. Na\u0161i iskusni piloti vodit \u0107e vas <strong>na izlete za pam\u0107enje, bilo da je to panoramski let,\u00a0 kava, ve\u010dera u razli\u010ditim\u00a0 gradovima.<\/strong><\/p>\t\t\t\t\t\t\t\t<\/div>\n\t\t\t\t<\/div>\n\t\t\t\t<div class=\"elementor-element elementor-element-fd50943 elementor-widget elementor-widget-text-editor\" data-id=\"fd50943\" data-element_type=\"widget\" data-e-type=\"widget\" data-widget_type=\"text-editor.default\">\n\t\t\t\t<div class=\"elementor-widget-container\">\n\t\t\t\t\t\t\t\t\t<p>Ovo je poklon za va\u0161e najmilije ili za sebe, budite sigurni da \u0107e ovo iskustvo ostati urezano u va\u0161em sje\u0107anju zauvijek. Prepustite se \u010darima letenja i do\u017eivite neponovljive trenutke u zraku.<\/p>\t\t\t\t\t\t\t\t<\/div>\n\t\t\t\t<\/div>\n\t\t\t\t<div class=\"elementor-element elementor-element-c1dde71 elementor-widget elementor-widget-text-editor\" data-id=\"c1dde71\" data-element_type=\"widget\" data-e-type=\"widget\" data-widget_type=\"text-editor.default\">\n\t\t\t\t<div class=\"elementor-widget-container\">\n\t\t\t\t\t\t\t\t\t<p><strong>Jednostavno, kupite<br \/>\u00a0poklon bon\u00a0<\/strong><\/p>\t\t\t\t\t\t\t\t<\/div>\n\t\t\t\t<\/div>\n\t\t\t\t<div class=\"elementor-element elementor-element-92eacbe elementor-align-center elementor-invisible elementor-widget elementor-widget-button\" data-id=\"92eacbe\" data-element_type=\"widget\" data-e-type=\"widget\" data-settings=\"{&quot;sticky&quot;:&quot;bottom&quot;,&quot;sticky_on&quot;:[],&quot;_animation&quot;:&quot;fadeIn&quot;,&quot;_animation_delay&quot;:0,&quot;sticky_offset&quot;:0,&quot;sticky_effects_offset&quot;:0}\" data-widget_type=\"button.default\">\n\t\t\t\t<div class=\"elementor-widget-container\">\n\t\t\t\t\t\t\t\t\t<div class=\"elementor-button-wrapper\">\n\t\t\t\t\t<a class=\"elementor-button elementor-button-link elementor-size-md elementor-animation-pulse-grow\" href=\"https:\/\/tandem.hr\/index.php\/sve-rezervacije-aerokluba-tandem\/\">\n\t\t\t\t\t\t<span class=\"elementor-button-content-wrapper\">\n\t\t\t\t\t\t\t\t\t<span class=\"elementor-button-text\">KUPI ON LINE<\/span>\n\t\t\t\t\t<\/span>\n\t\t\t\t\t<\/a>\n\t\t\t\t<\/div>\n\t\t\t\t\t\t\t\t<\/div>\n\t\t\t\t<\/div>\n\t\t\t\t<div class=\"elementor-element elementor-element-06dd9a4 elementor-widget elementor-widget-text-editor\" data-id=\"06dd9a4\" data-element_type=\"widget\" data-e-type=\"widget\" data-widget_type=\"text-editor.default\">\n\t\t\t\t<div class=\"elementor-widget-container\">\n\t\t\t\t\t\t\t\t\t<p>Mi \u0107emo Vam poslati poklon bon\u00a0 <strong>NA MAIL<\/strong>\u00a0 download link! Ispi\u0161ite ga na pisa\u0107u i <a href=\"https:\/\/www.youtube.com\/watch?v=ljsSNCfDFHA&amp;t=103s\"><strong>FIZI\u010cKI GA POKLONITE<\/strong><\/a> u onom trenutku kada Vama odgovara. Uplatu \u0107e te napraviti <strong>NA RA\u010cUN.<\/strong><\/p><p>Poklon bon za tandem skok padobranom vrijedi<strong> 24 MJESECA (2 godine)<\/strong>. Realizacija mo\u017ee se napraviti kad nosioc poklon bona ima <strong>SLOBODNOG VREMENA<\/strong> i vremenski uvjeti su dobri.<\/p><p>\u00a0<\/p>\t\t\t\t\t\t\t\t<\/div>\n\t\t\t\t<\/div>\n\t\t\t\t\t<\/div>\n\t\t<\/div>\n\t\t\t\t\t<\/div>\n\t\t<\/section>\n\t\t\t\t<section class=\"elementor-section elementor-top-section elementor-element elementor-element-2dc12d3 elementor-section-boxed elementor-section-height-default elementor-section-height-default\" data-id=\"2dc12d3\" data-element_type=\"section\" data-e-type=\"section\" data-settings=\"{&quot;background_background&quot;:&quot;classic&quot;}\">\n\t\t\t\t\t\t<div class=\"elementor-container elementor-column-gap-default\">\n\t\t\t\t\t<div class=\"elementor-column elementor-col-25 elementor-top-column elementor-element elementor-element-13e0211\" data-id=\"13e0211\" data-element_type=\"column\" data-e-type=\"column\" data-settings=\"{&quot;background_background&quot;:&quot;classic&quot;}\">\n\t\t\t<div class=\"elementor-widget-wrap\">\n\t\t\t\t\t\t\t<\/div>\n\t\t<\/div>\n\t\t\t\t<div class=\"elementor-column elementor-col-50 elementor-top-column elementor-element elementor-element-389d2f6\" data-id=\"389d2f6\" data-element_type=\"column\" data-e-type=\"column\">\n\t\t\t<div class=\"elementor-widget-wrap elementor-element-populated\">\n\t\t\t\t\t\t<div class=\"elementor-element elementor-element-086819e elementor-widget elementor-widget-heading\" data-id=\"086819e\" data-element_type=\"widget\" data-e-type=\"widget\" data-widget_type=\"heading.default\">\n\t\t\t\t<div class=\"elementor-widget-container\">\n\t\t\t\t\t<h5 class=\"elementor-heading-title elementor-size-default\">Mo\u017eete birati:<\/h5>\t\t\t\t<\/div>\n\t\t\t\t<\/div>\n\t\t\t\t<div class=\"elementor-element elementor-element-a788f8f elementor-widget elementor-widget-text-editor\" data-id=\"a788f8f\" data-element_type=\"widget\" data-e-type=\"widget\" data-widget_type=\"text-editor.default\">\n\t\t\t\t<div class=\"elementor-widget-container\">\n\t\t\t\t\t\t\t\t\t<ul><li><span style=\"font-size: 16px;\">Panormaski let Zagreb i\u00a0 okolica<\/span><\/li><li>Panormaski let Var\u017eadin<\/li><li>Panormaski let Plitvice<\/li><li>Panormaski let Venecija<\/li><li>Panormaski let Alpe<\/li><li>Panormaski let Dubrovnik<\/li><li>Panormaski let Hvar<\/li><li>Panormski let NP Krka<\/li><li>Panormaski let po izboru<\/li><\/ul><p>Svaki ponu\u0111eni panormaski let mo\u017eemo pretvoriti u izlet.<\/p>\t\t\t\t\t\t\t\t<\/div>\n\t\t\t\t<\/div>\n\t\t\t\t<div class=\"elementor-element elementor-element-dd797a9 elementor-widget elementor-widget-image\" data-id=\"dd797a9\" data-element_type=\"widget\" data-e-type=\"widget\" data-widget_type=\"image.default\">\n\t\t\t\t<div class=\"elementor-widget-container\">\n\t\t\t\t\t\t\t\t\t\t\t\t\t\t\t<img decoding=\"async\" width=\"300\" height=\"153\" src=\"https:\/\/tandem.hr\/wp-content\/uploads\/2024\/02\/c-210-1-300x153.jpg\" class=\"attachment-medium size-medium wp-image-9757\" alt=\"c-210 izlet avionom aeroklub Tandem\" srcset=\"https:\/\/tandem.hr\/wp-content\/uploads\/2024\/02\/c-210-1-300x153.jpg 300w, https:\/\/tandem.hr\/wp-content\/uploads\/2024\/02\/c-210-1-1024x522.jpg 1024w, https:\/\/tandem.hr\/wp-content\/uploads\/2024\/02\/c-210-1-768x391.jpg 768w, https:\/\/tandem.hr\/wp-content\/uploads\/2024\/02\/c-210-1-1536x783.jpg 1536w, https:\/\/tandem.hr\/wp-content\/uploads\/2024\/02\/c-210-1.jpg 1800w\" sizes=\"(max-width: 300px) 100vw, 300px\" \/>\t\t\t\t\t\t\t\t\t\t\t\t\t\t\t<\/div>\n\t\t\t\t<\/div>\n\t\t\t\t<div class=\"elementor-element elementor-element-94390fd elementor-widget elementor-widget-heading\" data-id=\"94390fd\" data-element_type=\"widget\" data-e-type=\"widget\" data-widget_type=\"heading.default\">\n\t\t\t\t<div class=\"elementor-widget-container\">\n\t\t\t\t\t<h5 class=\"elementor-heading-title elementor-size-default\">Zamislite !! Let avionom !<\/h5>\t\t\t\t<\/div>\n\t\t\t\t<\/div>\n\t\t\t\t<div class=\"elementor-element elementor-element-fdf87fb elementor-widget elementor-widget-text-editor\" data-id=\"fdf87fb\" data-element_type=\"widget\" data-e-type=\"widget\" data-widget_type=\"text-editor.default\">\n\t\t\t\t<div class=\"elementor-widget-container\">\n\t\t\t\t\t\t\t\t\t<ul><li>Zaruke u zraku, po no\u0107i iznad Zagreba<\/li><li>Zaruke u zraku iznad otoka u obliku srca<\/li><li>Moma\u010dka ili djevoja\u0107ka s avionom do Dubrovnika, Hvara ili Istra<p>Samo vas ma\u0161ta mo\u017ee ograni\u010diti.\u00a0<\/p><\/li><\/ul>\t\t\t\t\t\t\t\t<\/div>\n\t\t\t\t<\/div>\n\t\t\t\t\t<\/div>\n\t\t<\/div>\n\t\t\t\t<div class=\"elementor-column elementor-col-25 elementor-top-column elementor-element elementor-element-e4319f5\" data-id=\"e4319f5\" data-element_type=\"column\" data-e-type=\"column\" data-settings=\"{&quot;background_background&quot;:&quot;classic&quot;}\">\n\t\t\t<div class=\"elementor-widget-wrap\">\n\t\t\t\t\t\t\t<\/div>\n\t\t<\/div>\n\t\t\t\t\t<\/div>\n\t\t<\/section>\n\t\t\t\t<section class=\"elementor-section elementor-top-section elementor-element elementor-element-eb3abe4 elementor-section-boxed elementor-section-height-default elementor-section-height-default\" data-id=\"eb3abe4\" data-element_type=\"section\" data-e-type=\"section\">\n\t\t\t\t\t\t<div class=\"elementor-container elementor-column-gap-default\">\n\t\t\t\t\t<div class=\"elementor-column elementor-col-100 elementor-top-column elementor-element elementor-element-2feb3e8\" data-id=\"2feb3e8\" data-element_type=\"column\" data-e-type=\"column\">\n\t\t\t<div class=\"elementor-widget-wrap elementor-element-populated\">\n\t\t\t\t\t\t<div class=\"elementor-element elementor-element-7fb4537 elementor-widget elementor-widget-heading\" data-id=\"7fb4537\" data-element_type=\"widget\" data-e-type=\"widget\" data-widget_type=\"heading.default\">\n\t\t\t\t<div class=\"elementor-widget-container\">\n\t\t\t\t\t<h6 class=\"elementor-heading-title elementor-size-default\">cjenik<\/h6>\t\t\t\t<\/div>\n\t\t\t\t<\/div>\n\t\t\t\t<div class=\"elementor-element elementor-element-4a33c67 elementor-widget elementor-widget-text-editor\" data-id=\"4a33c67\" data-element_type=\"widget\" data-e-type=\"widget\" data-widget_type=\"text-editor.default\">\n\t\t\t\t<div class=\"elementor-widget-container\">\n\t\t\t\t\t\t\t\t\t<p><strong style=\"font-size: 15px;\">let avionom:<\/strong><\/p><p><span style=\"font-family: monospace;\">Minuta\u00a0 \u2013 5,5 \u20ac<\/span><\/p>\t\t\t\t\t\t\t\t<\/div>\n\t\t\t\t<\/div>\n\t\t\t\t\t<\/div>\n\t\t<\/div>\n\t\t\t\t\t<\/div>\n\t\t<\/section>\n\t\t\t\t<section class=\"elementor-section elementor-top-section elementor-element elementor-element-5f19d63 elementor-section-boxed elementor-section-height-default elementor-section-height-default\" data-id=\"5f19d63\" data-element_type=\"section\" data-e-type=\"section\" data-settings=\"{&quot;background_background&quot;:&quot;classic&quot;}\">\n\t\t\t\t\t\t<div class=\"elementor-container elementor-column-gap-default\">\n\t\t\t\t\t<div class=\"elementor-column elementor-col-100 elementor-top-column elementor-element elementor-element-3b987d3\" data-id=\"3b987d3\" data-element_type=\"column\" data-e-type=\"column\">\n\t\t\t<div class=\"elementor-widget-wrap elementor-element-populated\">\n\t\t\t\t\t\t<div class=\"elementor-element elementor-element-b44969a elementor-widget elementor-widget-text-editor\" data-id=\"b44969a\" data-element_type=\"widget\" data-e-type=\"widget\" data-widget_type=\"text-editor.default\">\n\t\t\t\t<div class=\"elementor-widget-container\">\n\t\t\t\t\t\t\t\t\t<p>Pro\u010ditajte koje uvjete imamo zbog Va\u0161e i na\u0161e sigurnosti<\/p>\t\t\t\t\t\t\t\t<\/div>\n\t\t\t\t<\/div>\n\t\t\t\t<div class=\"elementor-element elementor-element-57b005b elementor-align-center elementor-invisible elementor-widget elementor-widget-button\" data-id=\"57b005b\" data-element_type=\"widget\" data-e-type=\"widget\" data-settings=\"{&quot;sticky&quot;:&quot;bottom&quot;,&quot;sticky_on&quot;:[],&quot;_animation&quot;:&quot;fadeIn&quot;,&quot;_animation_delay&quot;:0,&quot;sticky_offset&quot;:0,&quot;sticky_effects_offset&quot;:0}\" data-widget_type=\"button.default\">\n\t\t\t\t<div class=\"elementor-widget-container\">\n\t\t\t\t\t\t\t\t\t<div class=\"elementor-button-wrapper\">\n\t\t\t\t\t<a class=\"elementor-button elementor-button-link elementor-size-md elementor-animation-pulse-grow\" href=\"https:\/\/tandem.hr\/index.php\/let-avionom-pitanja\/\">\n\t\t\t\t\t\t<span class=\"elementor-button-content-wrapper\">\n\t\t\t\t\t\t\t\t\t<span class=\"elementor-button-text\">PRO\u010cITAJ<\/span>\n\t\t\t\t\t<\/span>\n\t\t\t\t\t<\/a>\n\t\t\t\t<\/div>\n\t\t\t\t\t\t\t\t<\/div>\n\t\t\t\t<\/div>\n\t\t\t\t\t<\/div>\n\t\t<\/div>\n\t\t\t\t\t<\/div>\n\t\t<\/section>\n\t\t\t\t<section class=\"elementor-section elementor-top-section elementor-element elementor-element-d2e1bce elementor-section-boxed elementor-section-height-default elementor-section-height-default\" data-id=\"d2e1bce\" data-element_type=\"section\" data-e-type=\"section\">\n\t\t\t\t\t\t<div class=\"elementor-container elementor-column-gap-default\">\n\t\t\t\t\t<div class=\"elementor-column elementor-col-100 elementor-top-column elementor-element elementor-element-ad8bac0\" data-id=\"ad8bac0\" data-element_type=\"column\" data-e-type=\"column\">\n\t\t\t<div class=\"elementor-widget-wrap\">\n\t\t\t\t\t\t\t<\/div>\n\t\t<\/div>\n\t\t\t\t\t<\/div>\n\t\t<\/section>\n\t\t\t\t<\/div>\n\t\t","protected":false},"excerpt":{"rendered":"<p>POKLON BON PARORAMSKI LETLET AVIONOMNA IZLET S AVIONOM\u00a0 Jeste li ikada razmi\u0161ljali o tome kako bi bilo vidjeti Zagreb iz zraka? Sada imate priliku da do\u017eivite ovaj grad iz potpuno nove perspektive uz na\u0161 ekskluzivni panoramski let iznad Zagreba. S na\u0161im udobnim avionom koji ima pet mjesta, mo\u017eete u\u017eivati u ovoj nezaboravnoj avanturi s cijelom [&hellip;]<\/p>\n","protected":false},"author":1,"featured_media":0,"parent":0,"menu_order":0,"comment_status":"closed","ping_status":"closed","template":"","meta":{"_monsterinsights_skip_tracking":false,"_monsterinsights_sitenote_active":false,"_monsterinsights_sitenote_note":"","_monsterinsights_sitenote_category":0,"site-sidebar-layout":"no-sidebar","site-content-layout":"page-builder","ast-site-content-layout":"default","site-content-style":"default","site-sidebar-style":"default","ast-global-header-display":"","ast-banner-title-visibility":"","ast-main-header-display":"","ast-hfb-above-header-display":"","ast-hfb-below-header-display":"","ast-hfb-mobile-header-display":"","site-post-title":"disabled","ast-breadcrumbs-content":"","ast-featured-img":"disabled","footer-sml-layout":"","ast-disable-related-posts":"","theme-transparent-header-meta":"","adv-header-id-meta":"","stick-header-meta":"","header-above-stick-meta":"","header-main-stick-meta":"","header-below-stick-meta":"","astra-migrate-meta-layouts":"default","ast-page-background-enabled":"default","ast-page-background-meta":{"desktop":{"background-color":"","background-image":"","background-repeat":"repeat","background-position":"center center","background-size":"auto","background-attachment":"scroll","background-type":"","background-media":"","overlay-type":"","overlay-color":"","overlay-opacity":"","overlay-gradient":""},"tablet":{"background-color":"","background-image":"","background-repeat":"repeat","background-position":"center center","background-size":"auto","background-attachment":"scroll","background-type":"","background-media":"","overlay-type":"","overlay-color":"","overlay-opacity":"","overlay-gradient":""},"mobile":{"background-color":"","background-image":"","background-repeat":"repeat","background-position":"center center","background-size":"auto","background-attachment":"scroll","background-type":"","background-media":"","overlay-type":"","overlay-color":"","overlay-opacity":"","overlay-gradient":""}},"ast-content-background-meta":{"desktop":{"background-color":"var(--ast-global-color-5)","background-image":"","background-repeat":"repeat","background-position":"center center","background-size":"auto","background-attachment":"scroll","background-type":"","background-media":"","overlay-type":"","overlay-color":"","overlay-opacity":"","overlay-gradient":""},"tablet":{"background-color":"var(--ast-global-color-5)","background-image":"","background-repeat":"repeat","background-position":"center center","background-size":"auto","background-attachment":"scroll","background-type":"","background-media":"","overlay-type":"","overlay-color":"","overlay-opacity":"","overlay-gradient":""},"mobile":{"background-color":"var(--ast-global-color-5)","background-image":"","background-repeat":"repeat","background-position":"center center","background-size":"auto","background-attachment":"scroll","background-type":"","background-media":"","overlay-type":"","overlay-color":"","overlay-opacity":"","overlay-gradient":""}},"footnotes":""},"class_list":["post-9936","page","type-page","status-publish","hentry"],"aioseo_notices":[],"_links":{"self":[{"href":"https:\/\/tandem.hr\/index.php\/wp-json\/wp\/v2\/pages\/9936","targetHints":{"allow":["GET"]}}],"collection":[{"href":"https:\/\/tandem.hr\/index.php\/wp-json\/wp\/v2\/pages"}],"about":[{"href":"https:\/\/tandem.hr\/index.php\/wp-json\/wp\/v2\/types\/page"}],"author":[{"embeddable":true,"href":"https:\/\/tandem.hr\/index.php\/wp-json\/wp\/v2\/users\/1"}],"replies":[{"embeddable":true,"href":"https:\/\/tandem.hr\/index.php\/wp-json\/wp\/v2\/comments?post=9936"}],"version-history":[{"count":83,"href":"https:\/\/tandem.hr\/index.php\/wp-json\/wp\/v2\/pages\/9936\/revisions"}],"predecessor-version":[{"id":11504,"href":"https:\/\/tandem.hr\/index.php\/wp-json\/wp\/v2\/pages\/9936\/revisions\/11504"}],"wp:attachment":[{"href":"https:\/\/tandem.hr\/index.php\/wp-json\/wp\/v2\/media?parent=9936"}],"curies":[{"name":"wp","href":"https:\/\/api.w.org\/{rel}","templated":true}]}}